{"id":2255,"date":"2024-12-05T10:48:07","date_gmt":"2024-12-05T09:48:07","guid":{"rendered":"https:\/\/comtis.be\/?page_id=2255"},"modified":"2024-12-05T10:48:07","modified_gmt":"2024-12-05T09:48:07","slug":"carrieres","status":"publish","type":"page","link":"https:\/\/comtis.be\/fr\/carrieres\/","title":{"rendered":"Carri\u00e8res"},"content":{"rendered":"<p>Envie de rejoindre notre \u00e9quipe? Vous n&rsquo;\u00eates pas s\u00fbr de votre niveau d&rsquo;exp\u00e9rience? Chez ComTIS Services, vous pouvez toujours compter sur une <strong>formation interne<\/strong> approfondie, adapt\u00e9e \u00e0 la fonction. Vous pourrez ainsi ma\u00eetriser rapidement et avec comp\u00e9tence notre travail sp\u00e9cialis\u00e9, tout comme le reste de l&rsquo;\u00e9quipe ComTIS !<\/p>\n","protected":false},"excerpt":{"rendered":"<p>Envie de rejoindre notre \u00e9quipe? Vous n&rsquo;\u00eates pas s\u00fbr de votre niveau d&rsquo;exp\u00e9rience? Chez ComTIS Services, vous pouvez toujours compter sur une formation interne approfondie, adapt\u00e9e \u00e0 la fonction. Vous pourrez ainsi ma\u00eetriser rapidement et avec comp\u00e9tence notre travail sp\u00e9cialis\u00e9, tout comme le reste de l&rsquo;\u00e9quipe ComTIS ! [&#8230;]<\/p>\n<p><a class=\"btn btn-secondary understrap-read-more-link\" href=\"https:\/\/comtis.be\/fr\/carrieres\/\">Lire la suite&#8230;<\/a><\/p>\n","protected":false},"author":4,"featured_media":0,"parent":0,"menu_order":0,"comment_status":"closed","ping_status":"closed","template":"vacatures-page.php","meta":{"_acf_changed":false,"footnotes":""},"class_list":["post-2255","page","type-page","status-publish","hentry"],"acf":[],"_links":{"self":[{"href":"https:\/\/comtis.be\/fr\/wp-json\/wp\/v2\/pages\/2255","targetHints":{"allow":["GET"]}}],"collection":[{"href":"https:\/\/comtis.be\/fr\/wp-json\/wp\/v2\/pages"}],"about":[{"href":"https:\/\/comtis.be\/fr\/wp-json\/wp\/v2\/types\/page"}],"author":[{"embeddable":true,"href":"https:\/\/comtis.be\/fr\/wp-json\/wp\/v2\/users\/4"}],"replies":[{"embeddable":true,"href":"https:\/\/comtis.be\/fr\/wp-json\/wp\/v2\/comments?post=2255"}],"version-history":[{"count":1,"href":"https:\/\/comtis.be\/fr\/wp-json\/wp\/v2\/pages\/2255\/revisions"}],"predecessor-version":[{"id":2256,"href":"https:\/\/comtis.be\/fr\/wp-json\/wp\/v2\/pages\/2255\/revisions\/2256"}],"wp:attachment":[{"href":"https:\/\/comtis.be\/fr\/wp-json\/wp\/v2\/media?parent=2255"}],"curies":[{"name":"wp","href":"https:\/\/api.w.org\/{rel}","templated":true}]}}